{"id":277,"date":"2023-06-11T16:03:40","date_gmt":"2023-06-11T16:03:40","guid":{"rendered":"https:\/\/first-point.ch\/?page_id=277"},"modified":"2025-10-12T17:34:41","modified_gmt":"2025-10-12T15:34:41","slug":"8-ferienkurse","status":"publish","type":"page","link":"https:\/\/first-point.ch\/index.php\/8-ferienkurse\/","title":{"rendered":"8. Ferienkurse"},"content":{"rendered":"\t\t<div data-elementor-type=\"wp-page\" data-elementor-id=\"277\" class=\"elementor elementor-277\" data-elementor-post-type=\"page\">\n\t\t\t\t<div class=\"elementor-element elementor-element-d9e7c1e e-flex e-con-boxed e-con e-parent\" data-id=\"d9e7c1e\" data-element_type=\"container\" data-e-type=\"container\" data-settings=\"{&quot;background_background&quot;:&quot;classic&quot;}\">\n\t\t\t\t\t<div class=\"e-con-inner\">\n\t\t<div class=\"elementor-element elementor-element-12a962d e-con-full e-flex e-con e-child\" data-id=\"12a962d\" data-element_type=\"container\" data-e-type=\"container\">\n\t\t\t\t<div class=\"elementor-element elementor-element-5bebd12 elementor-widget elementor-widget-heading\" data-id=\"5bebd12\" data-element_type=\"widget\" data-e-type=\"widget\" data-widget_type=\"heading.default\">\n\t\t\t\t\t<h2 class=\"elementor-heading-title elementor-size-default\">Ferienkurse\n<\/h2>\t\t\t\t<\/div>\n\t\t\t\t<div class=\"elementor-element elementor-element-7cdd1e6 elementor-widget elementor-widget-spacer\" data-id=\"7cdd1e6\" data-element_type=\"widget\" data-e-type=\"widget\" data-widget_type=\"spacer.default\">\n\t\t\t\t\t\t\t<div class=\"elementor-spacer\">\n\t\t\t<div class=\"elementor-spacer-inner\"><\/div>\n\t\t<\/div>\n\t\t\t\t\t\t<\/div>\n\t\t\t\t<div class=\"elementor-element elementor-element-2b12921 elementor-widget elementor-widget-text-editor\" data-id=\"2b12921\" data-element_type=\"widget\" data-e-type=\"widget\" data-widget_type=\"text-editor.default\">\n\t\t\t\t\t\t\t\t\tAuch Nichtmitglieder k\u00f6nnen sehr gerne an unseren Ferienkursen teilnehmen.\t\t\t\t\t\t\t\t<\/div>\n\t\t\t\t<div class=\"elementor-element elementor-element-883a15b elementor-widget elementor-widget-spacer\" data-id=\"883a15b\" data-element_type=\"widget\" data-e-type=\"widget\" data-widget_type=\"spacer.default\">\n\t\t\t\t\t\t\t<div class=\"elementor-spacer\">\n\t\t\t<div class=\"elementor-spacer-inner\"><\/div>\n\t\t<\/div>\n\t\t\t\t\t\t<\/div>\n\t\t\t\t<\/div>\n\t\t\t\t\t<\/div>\n\t\t\t\t<\/div>\n\t\t<div class=\"elementor-element elementor-element-e91e9f2 e-grid e-con-boxed e-con e-parent\" data-id=\"e91e9f2\" data-element_type=\"container\" data-e-type=\"container\">\n\t\t\t\t\t<div class=\"e-con-inner\">\n\t\t<div class=\"elementor-element elementor-element-3d101f3 e-con-full e-flex e-con e-child\" data-id=\"3d101f3\" data-element_type=\"container\" data-e-type=\"container\">\n\t\t\t\t<div class=\"elementor-element elementor-element-edd8b87 elementor-widget elementor-widget-heading\" data-id=\"edd8b87\" data-element_type=\"widget\" data-e-type=\"widget\" data-widget_type=\"heading.default\">\n\t\t\t\t\t<h2 class=\"elementor-heading-title elementor-size-default\">Ferienkurse &amp; Camps<\/h2>\t\t\t\t<\/div>\n\t\t\t\t<div class=\"elementor-element elementor-element-c2e2f42 elementor-widget elementor-widget-spacer\" data-id=\"c2e2f42\" data-element_type=\"widget\" data-e-type=\"widget\" data-widget_type=\"spacer.default\">\n\t\t\t\t\t\t\t<div class=\"elementor-spacer\">\n\t\t\t<div class=\"elementor-spacer-inner\"><\/div>\n\t\t<\/div>\n\t\t\t\t\t\t<\/div>\n\t\t\t\t<div class=\"elementor-element elementor-element-742412b elementor-widget elementor-widget-text-editor\" data-id=\"742412b\" data-element_type=\"widget\" data-e-type=\"widget\" data-widget_type=\"text-editor.default\">\n\t\t\t\t\t\t\t\t\tEntdecken Sie unsere Programme\t\t\t\t\t\t\t\t<\/div>\n\t\t\t\t<div class=\"elementor-element elementor-element-4265d14 elementor-widget elementor-widget-spacer\" data-id=\"4265d14\" data-element_type=\"widget\" data-e-type=\"widget\" data-widget_type=\"spacer.default\">\n\t\t\t\t\t\t\t<div class=\"elementor-spacer\">\n\t\t\t<div class=\"elementor-spacer-inner\"><\/div>\n\t\t<\/div>\n\t\t\t\t\t\t<\/div>\n\t\t\t\t<\/div>\n\t\t\t\t\t<\/div>\n\t\t\t\t<\/div>\n\t\t<div class=\"elementor-element elementor-element-4956ee1 e-grid e-con-boxed e-con e-parent\" data-id=\"4956ee1\" data-element_type=\"container\" data-e-type=\"container\">\n\t\t\t\t\t<div class=\"e-con-inner\">\n\t\t<div class=\"elementor-element elementor-element-67b4855 e-con-full e-flex e-con e-child\" data-id=\"67b4855\" data-element_type=\"container\" data-e-type=\"container\" data-settings=\"{&quot;background_background&quot;:&quot;classic&quot;}\">\n\t\t\t\t<div class=\"elementor-element elementor-element-855733e elementor-widget elementor-widget-heading\" data-id=\"855733e\" data-element_type=\"widget\" data-e-type=\"widget\" data-widget_type=\"heading.default\">\n\t\t\t\t\t<h2 class=\"elementor-heading-title elementor-size-default\">Ferien &amp; Intensivkurse\n<\/h2>\t\t\t\t<\/div>\n\t\t\t\t<div class=\"elementor-element elementor-element-f932239 elementor-widget elementor-widget-spacer\" data-id=\"f932239\" data-element_type=\"widget\" data-e-type=\"widget\" data-widget_type=\"spacer.default\">\n\t\t\t\t\t\t\t<div class=\"elementor-spacer\">\n\t\t\t<div class=\"elementor-spacer-inner\"><\/div>\n\t\t<\/div>\n\t\t\t\t\t\t<\/div>\n\t\t\t\t<div class=\"elementor-element elementor-element-2f8fe35 elementor-widget elementor-widget-text-editor\" data-id=\"2f8fe35\" data-element_type=\"widget\" data-e-type=\"widget\" data-widget_type=\"text-editor.default\">\n\t\t\t\t\t\t\t\t\tSommercamps bieten den Heranwachsenden die M\u00f6glichkeit, Vertrauen und Unabh\u00e4ngigkeit zu entwickeln, indem sie Risiken eingehen und sich neuen Herausforderungen stellen. Haupts\u00e4chlich entwickelt sich dieses Wachstum, wenn zum ersten Mal in einem Juniorcamp sind \u00aballein\u00bb ohne Eltern. Unsere Camps bieten eine angenehme Atmosph\u00e4re, in der sie wachsen k\u00f6nnen, damit sie auf neuen und positiven Erlebnissen einlassen k\u00f6nnen.\t\t\t\t\t\t\t\t<\/div>\n\t\t\t\t<div class=\"elementor-element elementor-element-28f9101 elementor-widget-divider--view-line elementor-widget elementor-widget-divider\" data-id=\"28f9101\" data-element_type=\"widget\" data-e-type=\"widget\" data-widget_type=\"divider.default\">\n\t\t\t\t\t\t\t<div class=\"elementor-divider\">\n\t\t\t<span class=\"elementor-divider-separator\">\n\t\t\t\t\t\t<\/span>\n\t\t<\/div>\n\t\t\t\t\t\t<\/div>\n\t\t\t\t<div class=\"elementor-element elementor-element-c8cb184 elementor-mobile-align-left elementor-widget elementor-widget-button\" data-id=\"c8cb184\" data-element_type=\"widget\" data-e-type=\"widget\" data-widget_type=\"button.default\">\n\t\t\t\t\t\t\t\t\t\t<a class=\"elementor-button elementor-button-link elementor-size-sm elementor-animation-bob\" href=\"https:\/\/first-point.ch\/index.php\/10-kontakt\/\">\n\t\t\t\t\t\t<span class=\"elementor-button-content-wrapper\">\n\t\t\t\t\t\t\t\t\t<span class=\"elementor-button-text\">Kontaktieren Sie uns<\/span>\n\t\t\t\t\t<\/span>\n\t\t\t\t\t<\/a>\n\t\t\t\t\t\t\t\t<\/div>\n\t\t\t\t<\/div>\n\t\t<div class=\"elementor-element elementor-element-9f1bdca e-con-full e-flex e-con e-child\" data-id=\"9f1bdca\" data-element_type=\"container\" data-e-type=\"container\" data-settings=\"{&quot;background_background&quot;:&quot;classic&quot;}\">\n\t\t\t\t<div class=\"elementor-element elementor-element-55e8f93 elementor-widget elementor-widget-heading\" data-id=\"55e8f93\" data-element_type=\"widget\" data-e-type=\"widget\" data-widget_type=\"heading.default\">\n\t\t\t\t\t<h2 class=\"elementor-heading-title elementor-size-default\">Camps\n<\/h2>\t\t\t\t<\/div>\n\t\t\t\t<div class=\"elementor-element elementor-element-2a06556 elementor-widget elementor-widget-spacer\" data-id=\"2a06556\" data-element_type=\"widget\" data-e-type=\"widget\" data-widget_type=\"spacer.default\">\n\t\t\t\t\t\t\t<div class=\"elementor-spacer\">\n\t\t\t<div class=\"elementor-spacer-inner\"><\/div>\n\t\t<\/div>\n\t\t\t\t\t\t<\/div>\n\t\t\t\t<div class=\"elementor-element elementor-element-b4a8c95 elementor-widget elementor-widget-text-editor\" data-id=\"b4a8c95\" data-element_type=\"widget\" data-e-type=\"widget\" data-widget_type=\"text-editor.default\">\n\t\t\t\t\t\t\t\t\tJedes Jahr haben Eltern die M\u00f6glichkeit, ihre Kinder w\u00e4hrend der Sommermonate durch Besuch eines Sportlagers zu besch\u00e4ftigen. Es ist leicht zu verstehen, wie ein Kind von einem intensiven Training in einem Tenniscamp mit 4-6 Stunden Tennis pro Tag sehr profitieren kann. Wir werden Sie auch pers\u00f6nlich informieren, was sind die wichtigsten Vorteile eines Tenniscamps besonders in der Sommersaison.\t\t\t\t\t\t\t\t<\/div>\n\t\t\t\t<div class=\"elementor-element elementor-element-09878a8 elementor-widget-divider--view-line elementor-widget elementor-widget-divider\" data-id=\"09878a8\" data-element_type=\"widget\" data-e-type=\"widget\" data-widget_type=\"divider.default\">\n\t\t\t\t\t\t\t<div class=\"elementor-divider\">\n\t\t\t<span class=\"elementor-divider-separator\">\n\t\t\t\t\t\t<\/span>\n\t\t<\/div>\n\t\t\t\t\t\t<\/div>\n\t\t\t\t<div class=\"elementor-element elementor-element-f41abb9 elementor-mobile-align-left elementor-widget elementor-widget-button\" data-id=\"f41abb9\" data-element_type=\"widget\" data-e-type=\"widget\" data-widget_type=\"button.default\">\n\t\t\t\t\t\t\t\t\t\t<a class=\"elementor-button elementor-button-link elementor-size-sm elementor-animation-bob\" href=\"https:\/\/first-point.ch\/index.php\/10-kontakt\/\">\n\t\t\t\t\t\t<span class=\"elementor-button-content-wrapper\">\n\t\t\t\t\t\t\t\t\t<span class=\"elementor-button-text\">Kontaktieren Sie uns<\/span>\n\t\t\t\t\t<\/span>\n\t\t\t\t\t<\/a>\n\t\t\t\t\t\t\t\t<\/div>\n\t\t\t\t<\/div>\n\t\t\t\t\t<\/div>\n\t\t\t\t<\/div>\n\t\t\t\t<\/div>\n\t\t","protected":false},"excerpt":{"rendered":"<p>Ferienkurse Auch Nichtmitglieder k\u00f6nnen sehr gerne an unseren Ferienkursen teilnehmen. Ferienkurse &amp; Camps Entdecken Sie unsere Programme Ferien &amp; Intensivkurse Sommercamps bieten den Heranwachsenden die M\u00f6glichkeit, Vertrauen und Unabh\u00e4ngigkeit zu entwickeln, indem sie Risiken eingehen und sich neuen Herausforderungen stellen. Haupts\u00e4chlich entwickelt sich dieses Wachstum, wenn zum ersten Mal in einem Juniorcamp sind \u00aballein\u00bb ohne [&hellip;]<\/p>\n","protected":false},"author":6,"featured_media":0,"parent":0,"menu_order":0,"comment_status":"closed","ping_status":"closed","template":"","meta":{"footnotes":""},"class_list":["post-277","page","type-page","status-publish","hentry"],"_links":{"self":[{"href":"https:\/\/first-point.ch\/index.php\/wp-json\/wp\/v2\/pages\/277","targetHints":{"allow":["GET"]}}],"collection":[{"href":"https:\/\/first-point.ch\/index.php\/wp-json\/wp\/v2\/pages"}],"about":[{"href":"https:\/\/first-point.ch\/index.php\/wp-json\/wp\/v2\/types\/page"}],"author":[{"embeddable":true,"href":"https:\/\/first-point.ch\/index.php\/wp-json\/wp\/v2\/users\/6"}],"replies":[{"embeddable":true,"href":"https:\/\/first-point.ch\/index.php\/wp-json\/wp\/v2\/comments?post=277"}],"version-history":[{"count":0,"href":"https:\/\/first-point.ch\/index.php\/wp-json\/wp\/v2\/pages\/277\/revisions"}],"wp:attachment":[{"href":"https:\/\/first-point.ch\/index.php\/wp-json\/wp\/v2\/media?parent=277"}],"curies":[{"name":"wp","href":"https:\/\/api.w.org\/{rel}","templated":true}]}}