{"id":126,"date":"2023-06-10T19:07:00","date_gmt":"2023-06-10T19:07:00","guid":{"rendered":"https:\/\/first-point.ch\/?page_id=126"},"modified":"2025-10-13T09:33:21","modified_gmt":"2025-10-13T07:33:21","slug":"3-tc-mellingen","status":"publish","type":"page","link":"https:\/\/first-point.ch\/index.php\/3-tc-mellingen\/","title":{"rendered":"3. TC Mellingen"},"content":{"rendered":"\t\t<div data-elementor-type=\"wp-page\" data-elementor-id=\"126\" class=\"elementor elementor-126\" data-elementor-post-type=\"page\">\n\t\t\t\t<div class=\"elementor-element elementor-element-222aa2b e-flex e-con-boxed e-con e-parent\" data-id=\"222aa2b\" data-element_type=\"container\" data-e-type=\"container\" data-settings=\"{&quot;background_background&quot;:&quot;video&quot;,&quot;background_video_link&quot;:&quot;https:\\\/\\\/www.youtube.com\\\/watch?v=dMkJ1JtTKFA&quot;,&quot;background_video_start&quot;:114,&quot;background_video_end&quot;:170,&quot;background_play_on_mobile&quot;:&quot;yes&quot;}\">\n\t\t\t\t\t<div class=\"e-con-inner\">\n\t\t<div class=\"elementor-background-video-container\">\n\t\t\t\t\t\t\t<div class=\"elementor-background-video-embed\" role=\"presentation\"><\/div>\n\t\t\t\t\t\t<\/div><div class=\"elementor-element elementor-element-6812847 e-con-full e-flex e-con e-child\" data-id=\"6812847\" data-element_type=\"container\" data-e-type=\"container\">\n\t\t\t\t<div class=\"elementor-element elementor-element-4ad4f80 elementor-widget elementor-widget-heading\" data-id=\"4ad4f80\" data-element_type=\"widget\" data-e-type=\"widget\" data-widget_type=\"heading.default\">\n\t\t\t\t\t<h2 class=\"elementor-heading-title elementor-size-default\">TC Mellingen\n<\/h2>\t\t\t\t<\/div>\n\t\t\t\t<div class=\"elementor-element elementor-element-0f359e5 elementor-widget elementor-widget-spacer\" data-id=\"0f359e5\" data-element_type=\"widget\" data-e-type=\"widget\" data-widget_type=\"spacer.default\">\n\t\t\t\t\t\t\t<div class=\"elementor-spacer\">\n\t\t\t<div class=\"elementor-spacer-inner\"><\/div>\n\t\t<\/div>\n\t\t\t\t\t\t<\/div>\n\t\t\t\t<div class=\"elementor-element elementor-element-957fd5a elementor-widget elementor-widget-text-editor\" data-id=\"957fd5a\" data-element_type=\"widget\" data-e-type=\"widget\" data-widget_type=\"text-editor.default\">\n\t\t\t\t\t\t\t\t\tKomm am besten zu einer unverbindlichen Schnupperstunde vorbei und \u00fcberzeuge dich selbst.\t\t\t\t\t\t\t\t<\/div>\n\t\t\t\t<div class=\"elementor-element elementor-element-c521a0b elementor-widget elementor-widget-spacer\" data-id=\"c521a0b\" data-element_type=\"widget\" data-e-type=\"widget\" data-widget_type=\"spacer.default\">\n\t\t\t\t\t\t\t<div class=\"elementor-spacer\">\n\t\t\t<div class=\"elementor-spacer-inner\"><\/div>\n\t\t<\/div>\n\t\t\t\t\t\t<\/div>\n\t\t\t\t<\/div>\n\t\t\t\t\t<\/div>\n\t\t\t\t<\/div>\n\t\t<div class=\"elementor-element elementor-element-d834fe1 e-grid e-con-boxed e-con e-parent\" data-id=\"d834fe1\" data-element_type=\"container\" data-e-type=\"container\">\n\t\t\t\t\t<div class=\"e-con-inner\">\n\t\t<div class=\"elementor-element elementor-element-3623b56 e-con-full e-flex e-con e-child\" data-id=\"3623b56\" data-element_type=\"container\" data-e-type=\"container\">\n\t\t\t\t<div class=\"elementor-element elementor-element-5364037 elementor-widget elementor-widget-heading\" data-id=\"5364037\" data-element_type=\"widget\" data-e-type=\"widget\" data-widget_type=\"heading.default\">\n\t\t\t\t\t<h2 class=\"elementor-heading-title elementor-size-default\">Sch\u00f6ne Clubatmosph\u00e4re\n<\/h2>\t\t\t\t<\/div>\n\t\t\t\t<div class=\"elementor-element elementor-element-016074c elementor-widget elementor-widget-spacer\" data-id=\"016074c\" data-element_type=\"widget\" data-e-type=\"widget\" data-widget_type=\"spacer.default\">\n\t\t\t\t\t\t\t<div class=\"elementor-spacer\">\n\t\t\t<div class=\"elementor-spacer-inner\"><\/div>\n\t\t<\/div>\n\t\t\t\t\t\t<\/div>\n\t\t\t\t<div class=\"elementor-element elementor-element-eacbf37 elementor-widget elementor-widget-text-editor\" data-id=\"eacbf37\" data-element_type=\"widget\" data-e-type=\"widget\" data-widget_type=\"text-editor.default\">\n\t\t\t\t\t\t\t\t\tWo Lernen auf Zufriedenheit trifft\t\t\t\t\t\t\t\t<\/div>\n\t\t\t\t<div class=\"elementor-element elementor-element-f224843 elementor-widget elementor-widget-spacer\" data-id=\"f224843\" data-element_type=\"widget\" data-e-type=\"widget\" data-widget_type=\"spacer.default\">\n\t\t\t\t\t\t\t<div class=\"elementor-spacer\">\n\t\t\t<div class=\"elementor-spacer-inner\"><\/div>\n\t\t<\/div>\n\t\t\t\t\t\t<\/div>\n\t\t\t\t<div class=\"elementor-element elementor-element-3bc4724 elementor-widget elementor-widget-text-editor\" data-id=\"3bc4724\" data-element_type=\"widget\" data-e-type=\"widget\" data-widget_type=\"text-editor.default\">\n\t\t\t\t\t\t\t\t\tWir sind der Meinung, dass Tennis \u00fcber den Platz hinausgeht.\nEs geht darum, die Liebe zum Spiel zu entwickeln, deine Talente zu verfeinern und mit jedem Schwung die Freude am Spiel zu sp\u00fcren.\nUnser Ziel ist es, unseren Kunden eine aussergew\u00f6hnliche Tennisausbildung zu bieten, die fachkundige Anleitung, eine einladende Gemeinschaft\u00a0und Engagement f\u00fcr deine pers\u00f6nliche Entwicklung vereint.\t\t\t\t\t\t\t\t<\/div>\n\t\t\t\t<div class=\"elementor-element elementor-element-435a011 elementor-widget elementor-widget-spacer\" data-id=\"435a011\" data-element_type=\"widget\" data-e-type=\"widget\" data-widget_type=\"spacer.default\">\n\t\t\t\t\t\t\t<div class=\"elementor-spacer\">\n\t\t\t<div class=\"elementor-spacer-inner\"><\/div>\n\t\t<\/div>\n\t\t\t\t\t\t<\/div>\n\t\t\t\t<\/div>\n\t\t\t\t\t<\/div>\n\t\t\t\t<\/div>\n\t\t<div class=\"elementor-element elementor-element-cb1a127 e-grid e-con-boxed e-con e-parent\" data-id=\"cb1a127\" data-element_type=\"container\" data-e-type=\"container\">\n\t\t\t\t\t<div class=\"e-con-inner\">\n\t\t<div class=\"elementor-element elementor-element-f8a4c97 e-con-full e-flex e-con e-child\" data-id=\"f8a4c97\" data-element_type=\"container\" data-e-type=\"container\" data-settings=\"{&quot;background_background&quot;:&quot;classic&quot;}\">\n\t\t\t\t<div class=\"elementor-element elementor-element-2d08e03 elementor-widget elementor-widget-image\" data-id=\"2d08e03\" data-element_type=\"widget\" data-e-type=\"widget\" data-widget_type=\"image.default\">\n\t\t\t\t\t\t\t\t\t\t\t\t\t\t\t<img fetchpriority=\"high\" decoding=\"async\" width=\"512\" height=\"512\" src=\"https:\/\/first-point.ch\/wp-content\/uploads\/2023\/06\/Icon-1.png\" class=\"attachment-full size-full wp-image-77\" alt=\"\" srcset=\"https:\/\/first-point.ch\/wp-content\/uploads\/2023\/06\/Icon-1.png 512w, https:\/\/first-point.ch\/wp-content\/uploads\/2023\/06\/Icon-1-300x300.png 300w, https:\/\/first-point.ch\/wp-content\/uploads\/2023\/06\/Icon-1-150x150.png 150w\" sizes=\"(max-width: 512px) 100vw, 512px\" \/>\t\t\t\t\t\t\t\t\t\t\t\t\t\t\t<\/div>\n\t\t\t\t<div class=\"elementor-element elementor-element-f0dc5c4 elementor-widget elementor-widget-spacer\" data-id=\"f0dc5c4\" data-element_type=\"widget\" data-e-type=\"widget\" data-widget_type=\"spacer.default\">\n\t\t\t\t\t\t\t<div class=\"elementor-spacer\">\n\t\t\t<div class=\"elementor-spacer-inner\"><\/div>\n\t\t<\/div>\n\t\t\t\t\t\t<\/div>\n\t\t\t\t<div class=\"elementor-element elementor-element-f5518c5 elementor-widget elementor-widget-heading\" data-id=\"f5518c5\" data-element_type=\"widget\" data-e-type=\"widget\" data-widget_type=\"heading.default\">\n\t\t\t\t\t<h2 class=\"elementor-heading-title elementor-size-default\">Tennispl\u00e4tze\n<\/h2>\t\t\t\t<\/div>\n\t\t\t\t<div class=\"elementor-element elementor-element-2b8f5a5 elementor-widget elementor-widget-spacer\" data-id=\"2b8f5a5\" data-element_type=\"widget\" data-e-type=\"widget\" data-widget_type=\"spacer.default\">\n\t\t\t\t\t\t\t<div class=\"elementor-spacer\">\n\t\t\t<div class=\"elementor-spacer-inner\"><\/div>\n\t\t<\/div>\n\t\t\t\t\t\t<\/div>\n\t\t\t\t<div class=\"elementor-element elementor-element-ff1a5e4 elementor-icon-list--layout-traditional elementor-list-item-link-full_width elementor-widget elementor-widget-icon-list\" data-id=\"ff1a5e4\" data-element_type=\"widget\" data-e-type=\"widget\" data-widget_type=\"icon-list.default\">\n\t\t\t\t\t\t\t<ul class=\"elementor-icon-list-items\">\n\t\t\t\t\t\t\t<li class=\"elementor-icon-list-item\">\n\t\t\t\t\t\t\t\t\t\t\t<span class=\"elementor-icon-list-icon\">\n\t\t\t\t\t\t\t<svg aria-hidden=\"true\" class=\"e-font-icon-svg e-fas-baseball-ball\" viewBox=\"0 0 496 512\" xmlns=\"http:\/\/www.w3.org\/2000\/svg\"><path d=\"M368.5 363.9l28.8-13.9c11.1 22.9 26 43.2 44.1 60.9 34-42.5 54.5-96.3 54.5-154.9 0-58.5-20.4-112.2-54.2-154.6-17.8 17.3-32.6 37.1-43.6 59.5l-28.7-14.1c12.8-26 30-49 50.8-69C375.6 34.7 315 8 248 8 181.1 8 120.5 34.6 75.9 77.7c20.7 19.9 37.9 42.9 50.7 68.8l-28.7 14.1c-11-22.3-25.7-42.1-43.5-59.4C20.4 143.7 0 197.4 0 256c0 58.6 20.4 112.3 54.4 154.7 18.2-17.7 33.2-38 44.3-61l28.8 13.9c-12.9 26.7-30.3 50.3-51.5 70.7 44.5 43.1 105.1 69.7 172 69.7 66.8 0 127.3-26.5 171.9-69.5-21.1-20.4-38.5-43.9-51.4-70.6zm-228.3-32l-30.5-9.8c14.9-46.4 12.7-93.8-.6-134l30.4-10c15 45.6 18 99.9.7 153.8zm216.3-153.4l30.4 10c-13.2 40.1-15.5 87.5-.6 134l-30.5 9.8c-17.3-54-14.3-108.3.7-153.8z\"><\/path><\/svg>\t\t\t\t\t\t<\/span>\n\t\t\t\t\t\t\t\t\t\t<span class=\"elementor-icon-list-text\">3 Aussenpl\u00e4tze<\/span>\n\t\t\t\t\t\t\t\t\t<\/li>\n\t\t\t\t\t\t\t\t<li class=\"elementor-icon-list-item\">\n\t\t\t\t\t\t\t\t\t\t\t<span class=\"elementor-icon-list-icon\">\n\t\t\t\t\t\t\t<svg aria-hidden=\"true\" class=\"e-font-icon-svg e-fas-baseball-ball\" viewBox=\"0 0 496 512\" xmlns=\"http:\/\/www.w3.org\/2000\/svg\"><path d=\"M368.5 363.9l28.8-13.9c11.1 22.9 26 43.2 44.1 60.9 34-42.5 54.5-96.3 54.5-154.9 0-58.5-20.4-112.2-54.2-154.6-17.8 17.3-32.6 37.1-43.6 59.5l-28.7-14.1c12.8-26 30-49 50.8-69C375.6 34.7 315 8 248 8 181.1 8 120.5 34.6 75.9 77.7c20.7 19.9 37.9 42.9 50.7 68.8l-28.7 14.1c-11-22.3-25.7-42.1-43.5-59.4C20.4 143.7 0 197.4 0 256c0 58.6 20.4 112.3 54.4 154.7 18.2-17.7 33.2-38 44.3-61l28.8 13.9c-12.9 26.7-30.3 50.3-51.5 70.7 44.5 43.1 105.1 69.7 172 69.7 66.8 0 127.3-26.5 171.9-69.5-21.1-20.4-38.5-43.9-51.4-70.6zm-228.3-32l-30.5-9.8c14.9-46.4 12.7-93.8-.6-134l30.4-10c15 45.6 18 99.9.7 153.8zm216.3-153.4l30.4 10c-13.2 40.1-15.5 87.5-.6 134l-30.5 9.8c-17.3-54-14.3-108.3.7-153.8z\"><\/path><\/svg>\t\t\t\t\t\t<\/span>\n\t\t\t\t\t\t\t\t\t\t<span class=\"elementor-icon-list-text\">1 Hallenpl\u00e4tze<\/span>\n\t\t\t\t\t\t\t\t\t<\/li>\n\t\t\t\t\t\t<\/ul>\n\t\t\t\t\t\t<\/div>\n\t\t\t\t<div class=\"elementor-element elementor-element-91c9108 elementor-widget-divider--view-line elementor-widget elementor-widget-divider\" data-id=\"91c9108\" data-element_type=\"widget\" data-e-type=\"widget\" data-widget_type=\"divider.default\">\n\t\t\t\t\t\t\t<div class=\"elementor-divider\">\n\t\t\t<span class=\"elementor-divider-separator\">\n\t\t\t\t\t\t<\/span>\n\t\t<\/div>\n\t\t\t\t\t\t<\/div>\n\t\t\t\t<div class=\"elementor-element elementor-element-de4fe36 elementor-widget elementor-widget-text-editor\" data-id=\"de4fe36\" data-element_type=\"widget\" data-e-type=\"widget\" data-widget_type=\"text-editor.default\">\n\t\t\t\t\t\t\t\t\tAlle Trainings finden im Sommer im TCM statt. Im Winter im Bareggcenter\/Aarsports Birrhard.\t\t\t\t\t\t\t\t<\/div>\n\t\t\t\t<\/div>\n\t\t<div class=\"elementor-element elementor-element-9bef0ba e-con-full e-flex e-con e-child\" data-id=\"9bef0ba\" data-element_type=\"container\" data-e-type=\"container\" data-settings=\"{&quot;background_background&quot;:&quot;classic&quot;}\">\n\t\t\t\t<div class=\"elementor-element elementor-element-a72ba1c elementor-widget elementor-widget-image\" data-id=\"a72ba1c\" data-element_type=\"widget\" data-e-type=\"widget\" data-widget_type=\"image.default\">\n\t\t\t\t\t\t\t\t\t\t\t\t\t\t\t<img decoding=\"async\" width=\"512\" height=\"512\" src=\"https:\/\/first-point.ch\/wp-content\/uploads\/2023\/06\/Icon-2.png\" class=\"attachment-full size-full wp-image-82\" alt=\"\" srcset=\"https:\/\/first-point.ch\/wp-content\/uploads\/2023\/06\/Icon-2.png 512w, https:\/\/first-point.ch\/wp-content\/uploads\/2023\/06\/Icon-2-300x300.png 300w, https:\/\/first-point.ch\/wp-content\/uploads\/2023\/06\/Icon-2-150x150.png 150w\" sizes=\"(max-width: 512px) 100vw, 512px\" \/>\t\t\t\t\t\t\t\t\t\t\t\t\t\t\t<\/div>\n\t\t\t\t<div class=\"elementor-element elementor-element-dfe9fdc elementor-widget elementor-widget-spacer\" data-id=\"dfe9fdc\" data-element_type=\"widget\" data-e-type=\"widget\" data-widget_type=\"spacer.default\">\n\t\t\t\t\t\t\t<div class=\"elementor-spacer\">\n\t\t\t<div class=\"elementor-spacer-inner\"><\/div>\n\t\t<\/div>\n\t\t\t\t\t\t<\/div>\n\t\t\t\t<div class=\"elementor-element elementor-element-3390289 elementor-widget elementor-widget-heading\" data-id=\"3390289\" data-element_type=\"widget\" data-e-type=\"widget\" data-widget_type=\"heading.default\">\n\t\t\t\t\t<h2 class=\"elementor-heading-title elementor-size-default\">Gruppentraining Stufen\/Anzahl\n<\/h2>\t\t\t\t<\/div>\n\t\t\t\t<div class=\"elementor-element elementor-element-5d97ff6 elementor-widget elementor-widget-spacer\" data-id=\"5d97ff6\" data-element_type=\"widget\" data-e-type=\"widget\" data-widget_type=\"spacer.default\">\n\t\t\t\t\t\t\t<div class=\"elementor-spacer\">\n\t\t\t<div class=\"elementor-spacer-inner\"><\/div>\n\t\t<\/div>\n\t\t\t\t\t\t<\/div>\n\t\t\t\t<div class=\"elementor-element elementor-element-459a4a6 elementor-icon-list--layout-traditional elementor-list-item-link-full_width elementor-widget elementor-widget-icon-list\" data-id=\"459a4a6\" data-element_type=\"widget\" data-e-type=\"widget\" data-widget_type=\"icon-list.default\">\n\t\t\t\t\t\t\t<ul class=\"elementor-icon-list-items\">\n\t\t\t\t\t\t\t<li class=\"elementor-icon-list-item\">\n\t\t\t\t\t\t\t\t\t\t\t<span class=\"elementor-icon-list-icon\">\n\t\t\t\t\t\t\t<svg aria-hidden=\"true\" class=\"e-font-icon-svg e-fas-baseball-ball\" viewBox=\"0 0 496 512\" xmlns=\"http:\/\/www.w3.org\/2000\/svg\"><path d=\"M368.5 363.9l28.8-13.9c11.1 22.9 26 43.2 44.1 60.9 34-42.5 54.5-96.3 54.5-154.9 0-58.5-20.4-112.2-54.2-154.6-17.8 17.3-32.6 37.1-43.6 59.5l-28.7-14.1c12.8-26 30-49 50.8-69C375.6 34.7 315 8 248 8 181.1 8 120.5 34.6 75.9 77.7c20.7 19.9 37.9 42.9 50.7 68.8l-28.7 14.1c-11-22.3-25.7-42.1-43.5-59.4C20.4 143.7 0 197.4 0 256c0 58.6 20.4 112.3 54.4 154.7 18.2-17.7 33.2-38 44.3-61l28.8 13.9c-12.9 26.7-30.3 50.3-51.5 70.7 44.5 43.1 105.1 69.7 172 69.7 66.8 0 127.3-26.5 171.9-69.5-21.1-20.4-38.5-43.9-51.4-70.6zm-228.3-32l-30.5-9.8c14.9-46.4 12.7-93.8-.6-134l30.4-10c15 45.6 18 99.9.7 153.8zm216.3-153.4l30.4 10c-13.2 40.1-15.5 87.5-.6 134l-30.5 9.8c-17.3-54-14.3-108.3.7-153.8z\"><\/path><\/svg>\t\t\t\t\t\t<\/span>\n\t\t\t\t\t\t\t\t\t\t<span class=\"elementor-icon-list-text\">Rot-Orange-Gr\u00fcn \u2013 4-6 Kinder<\/span>\n\t\t\t\t\t\t\t\t\t<\/li>\n\t\t\t\t\t\t\t\t<li class=\"elementor-icon-list-item\">\n\t\t\t\t\t\t\t\t\t\t\t<span class=\"elementor-icon-list-icon\">\n\t\t\t\t\t\t\t<svg aria-hidden=\"true\" class=\"e-font-icon-svg e-fas-baseball-ball\" viewBox=\"0 0 496 512\" xmlns=\"http:\/\/www.w3.org\/2000\/svg\"><path d=\"M368.5 363.9l28.8-13.9c11.1 22.9 26 43.2 44.1 60.9 34-42.5 54.5-96.3 54.5-154.9 0-58.5-20.4-112.2-54.2-154.6-17.8 17.3-32.6 37.1-43.6 59.5l-28.7-14.1c12.8-26 30-49 50.8-69C375.6 34.7 315 8 248 8 181.1 8 120.5 34.6 75.9 77.7c20.7 19.9 37.9 42.9 50.7 68.8l-28.7 14.1c-11-22.3-25.7-42.1-43.5-59.4C20.4 143.7 0 197.4 0 256c0 58.6 20.4 112.3 54.4 154.7 18.2-17.7 33.2-38 44.3-61l28.8 13.9c-12.9 26.7-30.3 50.3-51.5 70.7 44.5 43.1 105.1 69.7 172 69.7 66.8 0 127.3-26.5 171.9-69.5-21.1-20.4-38.5-43.9-51.4-70.6zm-228.3-32l-30.5-9.8c14.9-46.4 12.7-93.8-.6-134l30.4-10c15 45.6 18 99.9.7 153.8zm216.3-153.4l30.4 10c-13.2 40.1-15.5 87.5-.6 134l-30.5 9.8c-17.3-54-14.3-108.3.7-153.8z\"><\/path><\/svg>\t\t\t\t\t\t<\/span>\n\t\t\t\t\t\t\t\t\t\t<span class=\"elementor-icon-list-text\">Junioren \u2013  4 Kinder oder 5-7 Kinder<\/span>\n\t\t\t\t\t\t\t\t\t<\/li>\n\t\t\t\t\t\t\t\t<li class=\"elementor-icon-list-item\">\n\t\t\t\t\t\t\t\t\t\t\t<span class=\"elementor-icon-list-icon\">\n\t\t\t\t\t\t\t<svg aria-hidden=\"true\" class=\"e-font-icon-svg e-fas-baseball-ball\" viewBox=\"0 0 496 512\" xmlns=\"http:\/\/www.w3.org\/2000\/svg\"><path d=\"M368.5 363.9l28.8-13.9c11.1 22.9 26 43.2 44.1 60.9 34-42.5 54.5-96.3 54.5-154.9 0-58.5-20.4-112.2-54.2-154.6-17.8 17.3-32.6 37.1-43.6 59.5l-28.7-14.1c12.8-26 30-49 50.8-69C375.6 34.7 315 8 248 8 181.1 8 120.5 34.6 75.9 77.7c20.7 19.9 37.9 42.9 50.7 68.8l-28.7 14.1c-11-22.3-25.7-42.1-43.5-59.4C20.4 143.7 0 197.4 0 256c0 58.6 20.4 112.3 54.4 154.7 18.2-17.7 33.2-38 44.3-61l28.8 13.9c-12.9 26.7-30.3 50.3-51.5 70.7 44.5 43.1 105.1 69.7 172 69.7 66.8 0 127.3-26.5 171.9-69.5-21.1-20.4-38.5-43.9-51.4-70.6zm-228.3-32l-30.5-9.8c14.9-46.4 12.7-93.8-.6-134l30.4-10c15 45.6 18 99.9.7 153.8zm216.3-153.4l30.4 10c-13.2 40.1-15.5 87.5-.6 134l-30.5 9.8c-17.3-54-14.3-108.3.7-153.8z\"><\/path><\/svg>\t\t\t\t\t\t<\/span>\n\t\t\t\t\t\t\t\t\t\t<span class=\"elementor-icon-list-text\">Wettkampf \u2013  3-4 Kinder oder 5-7 Kinder<\/span>\n\t\t\t\t\t\t\t\t\t<\/li>\n\t\t\t\t\t\t<\/ul>\n\t\t\t\t\t\t<\/div>\n\t\t\t\t<\/div>\n\t\t\t\t\t<\/div>\n\t\t\t\t<\/div>\n\t\t<div class=\"elementor-element elementor-element-c0f0369 e-flex e-con-boxed e-con e-parent\" data-id=\"c0f0369\" data-element_type=\"container\" data-e-type=\"container\" data-settings=\"{&quot;background_background&quot;:&quot;classic&quot;}\">\n\t\t\t\t\t<div class=\"e-con-inner\">\n\t\t\t\t<div class=\"elementor-element elementor-element-d53d56f elementor-widget elementor-widget-heading\" data-id=\"d53d56f\" data-element_type=\"widget\" data-e-type=\"widget\" data-widget_type=\"heading.default\">\n\t\t\t\t\t<h2 class=\"elementor-heading-title elementor-size-default\">Halbjahres Training<\/h2>\t\t\t\t<\/div>\n\t\t\t\t<div class=\"elementor-element elementor-element-80ed1d2 elementor-widget elementor-widget-spacer\" data-id=\"80ed1d2\" data-element_type=\"widget\" data-e-type=\"widget\" data-widget_type=\"spacer.default\">\n\t\t\t\t\t\t\t<div class=\"elementor-spacer\">\n\t\t\t<div class=\"elementor-spacer-inner\"><\/div>\n\t\t<\/div>\n\t\t\t\t\t\t<\/div>\n\t\t\t\t<div class=\"elementor-element elementor-element-94b92a7 elementor-icon-list--layout-traditional elementor-list-item-link-full_width elementor-widget elementor-widget-icon-list\" data-id=\"94b92a7\" data-element_type=\"widget\" data-e-type=\"widget\" data-widget_type=\"icon-list.default\">\n\t\t\t\t\t\t\t<ul class=\"elementor-icon-list-items\">\n\t\t\t\t\t\t\t<li class=\"elementor-icon-list-item\">\n\t\t\t\t\t\t\t\t\t\t\t<span class=\"elementor-icon-list-icon\">\n\t\t\t\t\t\t\t<svg aria-hidden=\"true\" class=\"e-font-icon-svg e-fas-check\" viewBox=\"0 0 512 512\" xmlns=\"http:\/\/www.w3.org\/2000\/svg\"><path d=\"M173.898 439.404l-166.4-166.4c-9.997-9.997-9.997-26.206 0-36.204l36.203-36.204c9.997-9.998 26.207-9.998 36.204 0L192 312.69 432.095 72.596c9.997-9.997 26.207-9.997 36.204 0l36.203 36.204c9.997 9.997 9.997 26.206 0 36.204l-294.4 294.401c-9.998 9.997-26.207 9.997-36.204-.001z\"><\/path><\/svg>\t\t\t\t\t\t<\/span>\n\t\t\t\t\t\t\t\t\t\t<span class=\"elementor-icon-list-text\">Fr. 590.- pro Gruppentraining und Stunde<\/span>\n\t\t\t\t\t\t\t\t\t<\/li>\n\t\t\t\t\t\t\t\t<li class=\"elementor-icon-list-item\">\n\t\t\t\t\t\t\t\t\t\t\t<span class=\"elementor-icon-list-icon\">\n\t\t\t\t\t\t\t<svg aria-hidden=\"true\" class=\"e-font-icon-svg e-fas-check\" viewBox=\"0 0 512 512\" xmlns=\"http:\/\/www.w3.org\/2000\/svg\"><path d=\"M173.898 439.404l-166.4-166.4c-9.997-9.997-9.997-26.206 0-36.204l36.203-36.204c9.997-9.998 26.207-9.998 36.204 0L192 312.69 432.095 72.596c9.997-9.997 26.207-9.997 36.204 0l36.203 36.204c9.997 9.997 9.997 26.206 0 36.204l-294.4 294.401c-9.998 9.997-26.207 9.997-36.204-.001z\"><\/path><\/svg>\t\t\t\t\t\t<\/span>\n\t\t\t\t\t\t\t\t\t\t<span class=\"elementor-icon-list-text\">*Fr. 690.- bei Wettkampf Gruppen<\/span>\n\t\t\t\t\t\t\t\t\t<\/li>\n\t\t\t\t\t\t\t\t<li class=\"elementor-icon-list-item\">\n\t\t\t\t\t\t\t\t\t\t\t<span class=\"elementor-icon-list-icon\">\n\t\t\t\t\t\t\t<svg aria-hidden=\"true\" class=\"e-font-icon-svg e-fas-check\" viewBox=\"0 0 512 512\" xmlns=\"http:\/\/www.w3.org\/2000\/svg\"><path d=\"M173.898 439.404l-166.4-166.4c-9.997-9.997-9.997-26.206 0-36.204l36.203-36.204c9.997-9.998 26.207-9.998 36.204 0L192 312.69 432.095 72.596c9.997-9.997 26.207-9.997 36.204 0l36.203 36.204c9.997 9.997 9.997 26.206 0 36.204l-294.4 294.401c-9.998 9.997-26.207 9.997-36.204-.001z\"><\/path><\/svg>\t\t\t\t\t\t<\/span>\n\t\t\t\t\t\t\t\t\t\t<span class=\"elementor-icon-list-text\">+ Jahres Mitgliedschaft Fr. 100.- Kids\/Junioren bis 16 Jahre<\/span>\n\t\t\t\t\t\t\t\t\t<\/li>\n\t\t\t\t\t\t\t\t<li class=\"elementor-icon-list-item\">\n\t\t\t\t\t\t\t\t\t\t\t<span class=\"elementor-icon-list-icon\">\n\t\t\t\t\t\t\t<svg aria-hidden=\"true\" class=\"e-font-icon-svg e-fas-check\" viewBox=\"0 0 512 512\" xmlns=\"http:\/\/www.w3.org\/2000\/svg\"><path d=\"M173.898 439.404l-166.4-166.4c-9.997-9.997-9.997-26.206 0-36.204l36.203-36.204c9.997-9.998 26.207-9.998 36.204 0L192 312.69 432.095 72.596c9.997-9.997 26.207-9.997 36.204 0l36.203 36.204c9.997 9.997 9.997 26.206 0 36.204l-294.4 294.401c-9.998 9.997-26.207 9.997-36.204-.001z\"><\/path><\/svg>\t\t\t\t\t\t<\/span>\n\t\t\t\t\t\t\t\t\t\t<span class=\"elementor-icon-list-text\">Kontaktperson: <b>Ibrahim Fetov<\/b> \/ 076 549 84 42 \/ firstpointtps@gmail.com<\/span>\n\t\t\t\t\t\t\t\t\t<\/li>\n\t\t\t\t\t\t<\/ul>\n\t\t\t\t\t\t<\/div>\n\t\t\t\t<div class=\"elementor-element elementor-element-5229412 elementor-widget-divider--view-line elementor-widget elementor-widget-divider\" data-id=\"5229412\" data-element_type=\"widget\" data-e-type=\"widget\" data-widget_type=\"divider.default\">\n\t\t\t\t\t\t\t<div class=\"elementor-divider\">\n\t\t\t<span class=\"elementor-divider-separator\">\n\t\t\t\t\t\t<\/span>\n\t\t<\/div>\n\t\t\t\t\t\t<\/div>\n\t\t<div class=\"elementor-element elementor-element-3cf4b45 e-grid e-con-full e-con e-child\" data-id=\"3cf4b45\" data-element_type=\"container\" data-e-type=\"container\">\n\t\t<div class=\"elementor-element elementor-element-151452f e-con-full e-flex e-con e-child\" data-id=\"151452f\" data-element_type=\"container\" data-e-type=\"container\">\n\t\t\t\t<div class=\"elementor-element elementor-element-956ffd7 elementor-widget elementor-widget-heading\" data-id=\"956ffd7\" data-element_type=\"widget\" data-e-type=\"widget\" data-widget_type=\"heading.default\">\n\t\t\t\t\t<h2 class=\"elementor-heading-title elementor-size-default\">\nAndere Mitgliedschaften auf der TCM Homepage \n<\/h2>\t\t\t\t<\/div>\n\t\t\t\t<\/div>\n\t\t<div class=\"elementor-element elementor-element-bb44ea7 e-con-full e-flex e-con e-child\" data-id=\"bb44ea7\" data-element_type=\"container\" data-e-type=\"container\">\n\t\t\t\t<div class=\"elementor-element elementor-element-ab20fc6 elementor-align-right elementor-mobile-align-justify elementor-tablet-align-right elementor-widget elementor-widget-button\" data-id=\"ab20fc6\" data-element_type=\"widget\" data-e-type=\"widget\" data-widget_type=\"button.default\">\n\t\t\t\t\t\t\t\t\t\t<a class=\"elementor-button elementor-button-link elementor-size-md\" href=\"https:\/\/mein.fairgate.ch\/tc-spreitenbach\/\">\n\t\t\t\t\t\t<span class=\"elementor-button-content-wrapper\">\n\t\t\t\t\t\t\t\t\t<span class=\"elementor-button-text\">TCS Homepage<\/span>\n\t\t\t\t\t<\/span>\n\t\t\t\t\t<\/a>\n\t\t\t\t\t\t\t\t<\/div>\n\t\t\t\t<\/div>\n\t\t\t\t<\/div>\n\t\t\t\t\t<\/div>\n\t\t\t\t<\/div>\n\t\t<div class=\"elementor-element elementor-element-d7a0222 e-flex e-con-boxed e-con e-parent\" data-id=\"d7a0222\" data-element_type=\"container\" data-e-type=\"container\">\n\t\t\t\t\t<div class=\"e-con-inner\">\n\t\t\t\t<div class=\"elementor-element elementor-element-343d5ca elementor-widget__width-inherit elementor-widget elementor-widget-google_maps\" data-id=\"343d5ca\" data-element_type=\"widget\" data-e-type=\"widget\" data-widget_type=\"google_maps.default\">\n\t\t\t\t\t\t\t<div class=\"elementor-custom-embed\">\n\t\t\t<iframe loading=\"lazy\"\n\t\t\t\t\tsrc=\"https:\/\/maps.google.com\/maps?q=Wallisstrasse%2015%205507%20Mellingen&#038;t=m&#038;z=18&#038;output=embed&#038;iwloc=near\"\n\t\t\t\t\ttitle=\"Wallisstrasse 15 5507 Mellingen\"\n\t\t\t\t\taria-label=\"Wallisstrasse 15 5507 Mellingen\"\n\t\t\t><\/iframe>\n\t\t<\/div>\n\t\t\t\t\t\t<\/div>\n\t\t\t\t\t<\/div>\n\t\t\t\t<\/div>\n\t\t\t\t<\/div>\n\t\t","protected":false},"excerpt":{"rendered":"<p>TC Mellingen Komm am besten zu einer unverbindlichen Schnupperstunde vorbei und \u00fcberzeuge dich selbst. Sch\u00f6ne Clubatmosph\u00e4re Wo Lernen auf Zufriedenheit trifft Wir sind der Meinung, dass Tennis \u00fcber den Platz hinausgeht. Es geht darum, die Liebe zum Spiel zu entwickeln, deine Talente zu verfeinern und mit jedem Schwung die Freude am Spiel zu sp\u00fcren. Unser [&hellip;]<\/p>\n","protected":false},"author":6,"featured_media":0,"parent":0,"menu_order":0,"comment_status":"closed","ping_status":"closed","template":"","meta":{"footnotes":""},"class_list":["post-126","page","type-page","status-publish","hentry"],"_links":{"self":[{"href":"https:\/\/first-point.ch\/index.php\/wp-json\/wp\/v2\/pages\/126","targetHints":{"allow":["GET"]}}],"collection":[{"href":"https:\/\/first-point.ch\/index.php\/wp-json\/wp\/v2\/pages"}],"about":[{"href":"https:\/\/first-point.ch\/index.php\/wp-json\/wp\/v2\/types\/page"}],"author":[{"embeddable":true,"href":"https:\/\/first-point.ch\/index.php\/wp-json\/wp\/v2\/users\/6"}],"replies":[{"embeddable":true,"href":"https:\/\/first-point.ch\/index.php\/wp-json\/wp\/v2\/comments?post=126"}],"version-history":[{"count":3,"href":"https:\/\/first-point.ch\/index.php\/wp-json\/wp\/v2\/pages\/126\/revisions"}],"predecessor-version":[{"id":1899,"href":"https:\/\/first-point.ch\/index.php\/wp-json\/wp\/v2\/pages\/126\/revisions\/1899"}],"wp:attachment":[{"href":"https:\/\/first-point.ch\/index.php\/wp-json\/wp\/v2\/media?parent=126"}],"curies":[{"name":"wp","href":"https:\/\/api.w.org\/{rel}","templated":true}]}}